{"id":760,"date":"2026-04-21T12:52:39","date_gmt":"2026-04-21T12:52:39","guid":{"rendered":"https:\/\/biancabrotto.com\/?page_id=760"},"modified":"2026-04-21T16:57:57","modified_gmt":"2026-04-21T16:57:57","slug":"cani","status":"publish","type":"page","link":"https:\/\/biancabrotto.com\/de\/cani\/","title":{"rendered":"Cani"},"content":{"rendered":"\t\t<div data-elementor-type=\"wp-page\" data-elementor-id=\"760\" class=\"elementor elementor-760\" data-elementor-post-type=\"page\">\n\t\t\t\t<div class=\"elementor-element elementor-element-a048bc3 e-con-full qh-villa-hero e-flex e-con e-parent\" data-id=\"a048bc3\" data-element_type=\"container\" data-e-type=\"container\" data-settings=\"{&quot;background_background&quot;:&quot;classic&quot;}\">\n\t\t\t\t<div class=\"elementor-element elementor-element-5e7cb59 elementor-widget__width-auto elementor-absolute qh-villa-hero-title elementor-widget elementor-widget-heading\" data-id=\"5e7cb59\" data-element_type=\"widget\" data-e-type=\"widget\" data-settings=\"{&quot;_position&quot;:&quot;absolute&quot;}\" data-widget_type=\"heading.default\">\n\t\t\t\t\t<h2 class=\"elementor-heading-title elementor-size-default\"><I>BENVENUTI<\/I> CANI\n<br> <\/i><\/h2>\t\t\t\t<\/div>\n\t\t\t\t<div class=\"elementor-element elementor-element-06aff58 qh-villa-hero-bg elementor-widget elementor-widget-image\" data-id=\"06aff58\" data-element_type=\"widget\" data-e-type=\"widget\" data-widget_type=\"image.default\">\n\t\t\t\t\t\t\t\t\t\t\t\t\t\t\t<img fetchpriority=\"high\" decoding=\"async\" width=\"2560\" height=\"1920\" src=\"https:\/\/biancabrotto.com\/wp-content\/uploads\/2026\/04\/IMG_0761-scaled.jpg\" class=\"attachment-full size-full wp-image-764\" alt=\"\" srcset=\"https:\/\/biancabrotto.com\/wp-content\/uploads\/2026\/04\/IMG_0761-scaled.jpg 2560w, https:\/\/biancabrotto.com\/wp-content\/uploads\/2026\/04\/IMG_0761-300x225.jpg 300w, https:\/\/biancabrotto.com\/wp-content\/uploads\/2026\/04\/IMG_0761-1024x768.jpg 1024w, https:\/\/biancabrotto.com\/wp-content\/uploads\/2026\/04\/IMG_0761-768x576.jpg 768w, https:\/\/biancabrotto.com\/wp-content\/uploads\/2026\/04\/IMG_0761-1536x1152.jpg 1536w, https:\/\/biancabrotto.com\/wp-content\/uploads\/2026\/04\/IMG_0761-2048x1536.jpg 2048w\" sizes=\"(max-width: 2560px) 100vw, 2560px\" \/>\t\t\t\t\t\t\t\t\t\t\t\t\t\t\t<\/div>\n\t\t\t\t<\/div>\n\t\t<div class=\"elementor-element elementor-element-ba75e20 e-flex e-con-boxed e-con e-parent\" data-id=\"ba75e20\" data-element_type=\"container\" data-e-type=\"container\">\n\t\t\t\t\t<div class=\"e-con-inner\">\n\t\t\t\t\t<\/div>\n\t\t\t\t<\/div>\n\t\t<div class=\"elementor-element elementor-element-f2d287d e-con-full e-flex e-con e-parent\" data-id=\"f2d287d\" data-element_type=\"container\" data-e-type=\"container\">\n\t\t\t\t<div class=\"elementor-element elementor-element-969ad2d qh-villa-intro-title elementor-widget elementor-widget-heading\" data-id=\"969ad2d\" data-element_type=\"widget\" data-e-type=\"widget\" data-widget_type=\"heading.default\">\n\t\t\t\t\t<h2 class=\"elementor-heading-title elementor-size-default\"><i>IL TUO CANE<\/i> <br> \u00e8 il \nBENVENUTO<\/h2>\t\t\t\t<\/div>\n\t\t\t\t<div class=\"elementor-element elementor-element-1f03d1c elementor-widget__width-initial elementor-widget-tablet__width-initial qh-villa-intro-desc elementor-widget elementor-widget-text-editor\" data-id=\"1f03d1c\" data-element_type=\"widget\" data-e-type=\"widget\" data-widget_type=\"text-editor.default\">\n\t\t\t\t\t\t\t\t\t<p class=\"p1\">Tuttavia, per non arrecare disturbo agli altri ospiti, vi chiediamo di rispettare le seguenti regole<\/p><p class=\"p1\">1)\u00a0<strong>Giardino<\/strong>: Il vostro cane potr\u00e0 correre liberamente nel vostro giardino, ma va portato fuori dalla propriet\u00e0 per i &#8220;bisogni&#8221;.<\/p><p class=\"p1\">2)\u00a0<b>Abbaiare<\/b>: assicuratevi che il cane non abbai in modo persistente.<\/p><p class=\"p1\">3)\u00a0<b>Toelettatura<\/b>: i cani possono essere spazzolati in terrazza o sul prato, a condizione che il pelo venga riposto in un sacchetto di plastica.<\/p><p class=\"p1\">4)\u00a0<b>Mangiare<\/b>: \u00e8 vietato l&#8217;uso di pentole e stoviglie per dar da mangiare ai cani.<\/p><p class=\"p1\">5)\u00a0<b>Letti e divani<\/b>:\u00a0non lasciare che i cani salgano su letti e divani.<\/p><p class=\"p1\">6)\u00a0Lavare\u00a0il cane:\u00a0<b>\u00c8 VIETATO lavare il cane nella doccia di casa<\/b><b>\u00a0<\/b><\/p><p class=\"p1\">7)\u00a0<b>Passeggiate<\/b>: A pochi chilometri da casa ci sono dei bellissimi boschi dove potrete lasciare correre i vostri cani.<\/p><p class=\"p1\">8)\u00a0<b>Passeggiata a lago<\/b>: \u00e8 sempre possibile passeggiare con il cane sul lungolago (importante avere sempre con s\u00e9 i sacchetti per gli escrementi).<\/p><p class=\"p1\">9)\u00a0<b>Nuotare<\/b>: il cane pu\u00f2 nuotare nel lago prima delle 9:00 e dopo le 19:00.<\/p><p>10)\u00a0<b>Spiaggia\u00a0per cani<\/b>: la spiaggia pubblica per cani, raggiungibile in 10 minuti a piedi lungo la spiaggia, \u00e8 sempre aperta e il tuo cane l\u00ec pu\u00f2 sempre fare il bagno. Vicino alla spiaggia per cani, c\u2019\u00e8 anche una spiaggia privata attrezzata (Fido Beach).<\/p>\t\t\t\t\t\t\t\t<\/div>\n\t\t\t\t<div class=\"elementor-element elementor-element-1e0f0d5 qh-villa-hero-bg elementor-widget elementor-widget-image\" data-id=\"1e0f0d5\" data-element_type=\"widget\" data-e-type=\"widget\" data-widget_type=\"image.default\">\n\t\t\t\t\t\t\t\t\t\t\t\t\t\t\t<img decoding=\"async\" width=\"768\" height=\"1024\" src=\"https:\/\/biancabrotto.com\/wp-content\/uploads\/2026\/04\/51d558de-0242-4a04-be23-5f0796c7b031.jpg\" class=\"attachment-full size-full wp-image-921\" alt=\"\" srcset=\"https:\/\/biancabrotto.com\/wp-content\/uploads\/2026\/04\/51d558de-0242-4a04-be23-5f0796c7b031.jpg 768w, https:\/\/biancabrotto.com\/wp-content\/uploads\/2026\/04\/51d558de-0242-4a04-be23-5f0796c7b031-225x300.jpg 225w\" sizes=\"(max-width: 768px) 100vw, 768px\" \/>\t\t\t\t\t\t\t\t\t\t\t\t\t\t\t<\/div>\n\t\t\t\t\t\t\t<h2 \n\t\tdata-interaction-id=\"414b081\" \n\t\tclass=\"e-heading-base\" \n\t\t \n\t\t\n\t>\n\t\n\t\t\t<strong><em>Spiaggia per cani Fido Beach<\/em><\/strong>\n\t\t<\/h2>\n\t\t\t\t\t\t\t\t<p class=\"e-paragraph-base\" data-interaction-id=\"58e4594\"  >\n\t\t\t\t\t\t\t\tLa&nbsp; spiaggia privata per cani Fido Beach si trova in localit\u00e0 Rolly - Punta del Rio a Manerba del Garda e si raggiunge a piedi passeggiando sulla spiaggia&nbsp; in circa dieci minuti e offre numerosi servizi per trascorrere piacevoli giornate in compagnia del vostro cane.<br><br>La spiaggia \u00e8 attrezzata per ospitare e accogliere, senza&nbsp;limiti di taglia o razza, tutti i nostri amici a quattro zampe.\u00c8 possibile noleggiare ombrellone e lettini mentre i tappetini isolanti per i cani vengono forniti gratuitamente.Sono sempre a disposizione diversi servizi per i cani, come ciotole per l'acqua, aree in ombra, aree sgambamento con addirittura la fornitura di sacchettini per raccogliere i bisogni del cane.<br><br>\u00c8 possibile seguire lezioni di educazione cinofila in spiaggia, tutte gestite da personale altamente qualificato.Chi fosse interessato pu\u00f2 educare il proprio cane anche ad un primo avvicinamento all'acqua e al nuoto.&nbsp;\n\t\t\t\t\t<\/p>\n\t\t\t\t\t\t\t<h2 \n\t\tdata-interaction-id=\"304d4b6\" \n\t\tclass=\"e-304d4b6-71e35c3 e-heading-base\" \n\t\t \n\t\t\n\t>\n\t\n\t\t\t<a target=\"_blank\" href=\"https:\/\/www.qualityholiday.net\/index.php\/de\/cani-ted-passeggiate-chalet\"><strong>SCOPRI 4 BELLISSIME PASSEGGIATE <\/strong><\/a><br><a target=\"_blank\" href=\"https:\/\/www.qualityholiday.net\/index.php\/de\/cani-ted-passeggiate-chalet\"><strong>PARTENDO DAI BIO CHALET O DA VILLA ULIVI<\/strong><\/a>\n\t\t<\/h2>\n\t\t\t\t\t    \t            <a\n            href=\"https:\/\/biancabrotto.com\/passeggiare-spaziergehen-walk\/\" target=\"_self\"\n            class=\"e-18aeb44-2d8fbe6 e-button-base\"\n            data-interaction-id=\"18aeb44\"\n             \n        >\n            <strong id=\"e-mo8ou08g-1olh4im\">Fai clic qui<\/strong>\n        <\/a>\n    \t\t\t\t<div class=\"elementor-element elementor-element-4ed1844 qh-villa-hero-bg elementor-widget elementor-widget-image\" data-id=\"4ed1844\" data-element_type=\"widget\" data-e-type=\"widget\" data-widget_type=\"image.default\">\n\t\t\t\t\t\t\t\t\t\t\t\t\t\t\t<img decoding=\"async\" width=\"1920\" height=\"2560\" src=\"https:\/\/biancabrotto.com\/wp-content\/uploads\/2026\/04\/IMG_8382-scaled.jpg\" class=\"attachment-full size-full wp-image-767\" alt=\"\" srcset=\"https:\/\/biancabrotto.com\/wp-content\/uploads\/2026\/04\/IMG_8382-scaled.jpg 1920w, https:\/\/biancabrotto.com\/wp-content\/uploads\/2026\/04\/IMG_8382-225x300.jpg 225w, https:\/\/biancabrotto.com\/wp-content\/uploads\/2026\/04\/IMG_8382-768x1024.jpg 768w, https:\/\/biancabrotto.com\/wp-content\/uploads\/2026\/04\/IMG_8382-1152x1536.jpg 1152w, https:\/\/biancabrotto.com\/wp-content\/uploads\/2026\/04\/IMG_8382-1536x2048.jpg 1536w\" sizes=\"(max-width: 1920px) 100vw, 1920px\" \/>\t\t\t\t\t\t\t\t\t\t\t\t\t\t\t<\/div>\n\t\t\t\t<\/div>\n\t\t<div class=\"elementor-element elementor-element-697fc3f e-con-full e-flex e-con e-parent\" data-id=\"697fc3f\" data-element_type=\"container\" data-e-type=\"container\" data-settings=\"{&quot;background_background&quot;:&quot;classic&quot;}\">\n\t\t\t\t<div class=\"elementor-element elementor-element-db6d1fd qh-villa-section-title elementor-widget elementor-widget-heading\" data-id=\"db6d1fd\" data-element_type=\"widget\" data-e-type=\"widget\" data-widget_type=\"heading.default\">\n\t\t\t\t\t<h2 class=\"elementor-heading-title elementor-size-default\">LE NOSTRE <i>CASE<\/i><\/h2>\t\t\t\t<\/div>\n\t\t<div class=\"elementor-element elementor-element-df76fc2 e-con-full e-flex e-con e-child\" data-id=\"df76fc2\" data-element_type=\"container\" data-e-type=\"container\">\n\t\t<div class=\"elementor-element elementor-element-941d40a e-con-full e-flex e-con e-child\" data-id=\"941d40a\" data-element_type=\"container\" data-e-type=\"container\">\n\t\t<a class=\"elementor-element elementor-element-a5e241a e-con-full e-flex e-con e-child\" data-id=\"a5e241a\" data-element_type=\"container\" data-e-type=\"container\" data-settings=\"{&quot;background_background&quot;:&quot;classic&quot;,&quot;background_motion_fx_motion_fx_scrolling&quot;:&quot;yes&quot;,&quot;background_motion_fx_translateY_effect&quot;:&quot;yes&quot;,&quot;background_motion_fx_translateY_speed&quot;:{&quot;unit&quot;:&quot;px&quot;,&quot;size&quot;:2,&quot;sizes&quot;:[]},&quot;background_motion_fx_translateY_affectedRange&quot;:{&quot;unit&quot;:&quot;%&quot;,&quot;size&quot;:&quot;&quot;,&quot;sizes&quot;:{&quot;start&quot;:0,&quot;end&quot;:100}},&quot;background_motion_fx_devices&quot;:[&quot;desktop&quot;,&quot;tablet&quot;,&quot;mobile&quot;]}\">\n\t\t\t\t<\/a>\n\t\t\t\t<div class=\"elementor-element elementor-element-9f240cd elementor-widget elementor-widget-text-editor\" data-id=\"9f240cd\" data-element_type=\"widget\" data-e-type=\"widget\" data-widget_type=\"text-editor.default\">\n\t\t\t\t\t\t\t\t\t<p>MANERBA DEL GARDA \u2022 2 BIO CHALET A BORDO LAGO<\/p>\t\t\t\t\t\t\t\t<\/div>\n\t\t\t\t<div class=\"elementor-element elementor-element-971ce14 elementor-widget elementor-widget-heading\" data-id=\"971ce14\" data-element_type=\"widget\" data-e-type=\"widget\" data-widget_type=\"heading.default\">\n\t\t\t\t\t<h2 class=\"elementor-heading-title elementor-size-default\"><a href=\"https:\/\/biancabrotto.com\/de\/i-nostri-chalet\/\"><i>BIO<\/i> CHALET<\/a><\/h2>\t\t\t\t<\/div>\n\t\t\t\t<\/div>\n\t\t<div class=\"elementor-element elementor-element-fae551c e-con-full e-flex e-con e-child\" data-id=\"fae551c\" data-element_type=\"container\" data-e-type=\"container\">\n\t\t<a class=\"elementor-element elementor-element-671e263 e-con-full e-flex e-con e-child\" data-id=\"671e263\" data-element_type=\"container\" data-e-type=\"container\" data-settings=\"{&quot;background_background&quot;:&quot;classic&quot;,&quot;background_motion_fx_motion_fx_scrolling&quot;:&quot;yes&quot;,&quot;background_motion_fx_translateY_effect&quot;:&quot;yes&quot;,&quot;background_motion_fx_translateY_speed&quot;:{&quot;unit&quot;:&quot;px&quot;,&quot;size&quot;:2,&quot;sizes&quot;:[]},&quot;background_motion_fx_translateY_affectedRange&quot;:{&quot;unit&quot;:&quot;%&quot;,&quot;size&quot;:&quot;&quot;,&quot;sizes&quot;:{&quot;start&quot;:0,&quot;end&quot;:100}},&quot;background_motion_fx_devices&quot;:[&quot;desktop&quot;,&quot;tablet&quot;,&quot;mobile&quot;]}\" href=\"https:\/\/biancabrotto.com\/de\/villa-ulivi-appartamenti\/\">\n\t\t\t\t<\/a>\n\t\t\t\t<div class=\"elementor-element elementor-element-4d746e4 elementor-widget elementor-widget-text-editor\" data-id=\"4d746e4\" data-element_type=\"widget\" data-e-type=\"widget\" data-widget_type=\"text-editor.default\">\n\t\t\t\t\t\t\t\t\t<p>MANERBA DEL GARDA \u2022 3 APPARTAMENTI IN VILLA CON PISCINA (2-7 pax.)<\/p>\t\t\t\t\t\t\t\t<\/div>\n\t\t\t\t<div class=\"elementor-element elementor-element-c46cc5b elementor-widget elementor-widget-heading\" data-id=\"c46cc5b\" data-element_type=\"widget\" data-e-type=\"widget\" data-widget_type=\"heading.default\">\n\t\t\t\t\t<h2 class=\"elementor-heading-title elementor-size-default\"><a href=\"https:\/\/biancabrotto.com\/de\/villa-ulivi-appartamenti\/\">VILLA <I>ULIVI<\/I><\/a><\/h2>\t\t\t\t<\/div>\n\t\t\t\t<\/div>\n\t\t\t\t<\/div>\n\t\t<div class=\"elementor-element elementor-element-5467822 e-con-full e-flex e-con e-child\" data-id=\"5467822\" data-element_type=\"container\" data-e-type=\"container\">\n\t\t<div class=\"elementor-element elementor-element-2ea3f59 e-con-full e-flex e-con e-child\" data-id=\"2ea3f59\" data-element_type=\"container\" data-e-type=\"container\">\n\t\t<div class=\"elementor-element elementor-element-6416ec0 e-con-full e-flex e-con e-child\" data-id=\"6416ec0\" data-element_type=\"container\" data-e-type=\"container\" data-settings=\"{&quot;background_background&quot;:&quot;classic&quot;,&quot;background_motion_fx_motion_fx_scrolling&quot;:&quot;yes&quot;,&quot;background_motion_fx_translateY_effect&quot;:&quot;yes&quot;,&quot;background_motion_fx_translateY_speed&quot;:{&quot;unit&quot;:&quot;px&quot;,&quot;size&quot;:2,&quot;sizes&quot;:[]},&quot;background_motion_fx_translateY_affectedRange&quot;:{&quot;unit&quot;:&quot;%&quot;,&quot;size&quot;:&quot;&quot;,&quot;sizes&quot;:{&quot;start&quot;:0,&quot;end&quot;:100}},&quot;background_motion_fx_devices&quot;:[&quot;desktop&quot;,&quot;tablet&quot;,&quot;mobile&quot;]}\">\n\t\t\t\t<\/div>\n\t\t\t\t<div class=\"elementor-element elementor-element-4accce2 elementor-widget elementor-widget-text-editor\" data-id=\"4accce2\" data-element_type=\"widget\" data-e-type=\"widget\" data-widget_type=\"text-editor.default\">\n\t\t\t\t\t\t\t\t\t<p>SAL\u00f2 &#8211; LAGO DI GARDA \u2022 VILLA SINGOLA CON PISCINA<\/p>\t\t\t\t\t\t\t\t<\/div>\n\t\t\t\t<div class=\"elementor-element elementor-element-69b2f4f elementor-widget elementor-widget-heading\" data-id=\"69b2f4f\" data-element_type=\"widget\" data-e-type=\"widget\" data-widget_type=\"heading.default\">\n\t\t\t\t\t<h2 class=\"elementor-heading-title elementor-size-default\">VILLA <I>INFINITY<\/I><\/h2>\t\t\t\t<\/div>\n\t\t\t\t<\/div>\n\t\t<div class=\"elementor-element elementor-element-dd634ad e-con-full e-flex e-con e-child\" data-id=\"dd634ad\" data-element_type=\"container\" data-e-type=\"container\">\n\t\t<div class=\"elementor-element elementor-element-234a757 e-con-full e-flex e-con e-child\" data-id=\"234a757\" data-element_type=\"container\" data-e-type=\"container\" data-settings=\"{&quot;background_background&quot;:&quot;classic&quot;,&quot;background_motion_fx_motion_fx_scrolling&quot;:&quot;yes&quot;,&quot;background_motion_fx_translateY_effect&quot;:&quot;yes&quot;,&quot;background_motion_fx_translateY_speed&quot;:{&quot;unit&quot;:&quot;px&quot;,&quot;size&quot;:2,&quot;sizes&quot;:[]},&quot;background_motion_fx_translateY_affectedRange&quot;:{&quot;unit&quot;:&quot;%&quot;,&quot;size&quot;:&quot;&quot;,&quot;sizes&quot;:{&quot;start&quot;:0,&quot;end&quot;:100}},&quot;background_motion_fx_devices&quot;:[&quot;desktop&quot;,&quot;tablet&quot;,&quot;mobile&quot;]}\">\n\t\t\t\t<\/div>\n\t\t\t\t<div class=\"elementor-element elementor-element-ebfe222 elementor-widget elementor-widget-text-editor\" data-id=\"ebfe222\" data-element_type=\"widget\" data-e-type=\"widget\" data-widget_type=\"text-editor.default\">\n\t\t\t\t\t\t\t\t\t<p>TOSCANA &#8211; ISOLA D\u2019ELBA &#8211; VILLA SINGOLA CON PISCINA<\/p>\t\t\t\t\t\t\t\t<\/div>\n\t\t\t\t<div class=\"elementor-element elementor-element-ae55744 elementor-widget elementor-widget-heading\" data-id=\"ae55744\" data-element_type=\"widget\" data-e-type=\"widget\" data-widget_type=\"heading.default\">\n\t\t\t\t\t<h2 class=\"elementor-heading-title elementor-size-default\">VILLA<i> TRAMONTI<\/i><\/h2>\t\t\t\t<\/div>\n\t\t\t\t<\/div>\n\t\t\t\t<\/div>\n\t\t\t\t<\/div>\n\t\t\t\t<\/div>\n\t\t","protected":false},"excerpt":{"rendered":"<p>BENVENUTI CANI IL TUO CANE \u00e8 il BENVENUTO Tuttavia, per non arrecare disturbo agli altri ospiti, vi chiediamo di rispettare le seguenti regole 1)\u00a0Giardino: Il vostro cane potr\u00e0 correre liberamente nel vostro giardino, ma va portato fuori dalla propriet\u00e0 per i &#8220;bisogni&#8221;. 2)\u00a0Abbaiare: assicuratevi che il cane non abbai in modo persistente. 3)\u00a0Toelettatura: i cani [&hellip;]<\/p>\n","protected":false},"author":1,"featured_media":0,"parent":0,"menu_order":0,"comment_status":"closed","ping_status":"closed","template":"elementor_header_footer","meta":{"footnotes":""},"folder":[],"class_list":["post-760","page","type-page","status-publish","hentry"],"yoast_head":"<!-- This site is optimized with the Yoast SEO plugin v27.5 - https:\/\/yoast.com\/product\/yoast-seo-wordpress\/ -->\n<title>Cani - biancabrotto.com<\/title>\n<meta name=\"robots\" content=\"noindex, follow, max-snippet:-1, max-image-preview:large, max-video-preview:-1\" \/>\n<meta property=\"og:locale\" content=\"de_DE\" \/>\n<meta property=\"og:type\" content=\"article\" \/>\n<meta property=\"og:title\" content=\"Cani - biancabrotto.com\" \/>\n<meta property=\"og:description\" content=\"BENVENUTI CANI IL TUO CANE \u00e8 il BENVENUTO Tuttavia, per non arrecare disturbo agli altri ospiti, vi chiediamo di rispettare le seguenti regole 1)\u00a0Giardino: Il vostro cane potr\u00e0 correre liberamente nel vostro giardino, ma va portato fuori dalla propriet\u00e0 per i &#8220;bisogni&#8221;. 2)\u00a0Abbaiare: assicuratevi che il cane non abbai in modo persistente. 3)\u00a0Toelettatura: i cani [&hellip;]\" \/>\n<meta property=\"og:url\" content=\"https:\/\/biancabrotto.com\/de\/cani\/\" \/>\n<meta property=\"og:site_name\" content=\"biancabrotto.com\" \/>\n<meta property=\"article:modified_time\" content=\"2026-04-21T16:57:57+00:00\" \/>\n<meta property=\"og:image\" content=\"https:\/\/biancabrotto.com\/wp-content\/uploads\/2026\/04\/IMG_0761-scaled.jpg\" \/>\n\t<meta property=\"og:image:width\" content=\"2560\" \/>\n\t<meta property=\"og:image:height\" content=\"1920\" \/>\n\t<meta property=\"og:image:type\" content=\"image\/jpeg\" \/>\n<meta name=\"twitter:card\" content=\"summary_large_image\" \/>\n<meta name=\"twitter:label1\" content=\"Gesch\u00e4tzte Lesezeit\" \/>\n\t<meta name=\"twitter:data1\" content=\"2\u00a0Minuten\" \/>\n<script type=\"application\/ld+json\" class=\"yoast-schema-graph\">{\"@context\":\"https:\\\/\\\/schema.org\",\"@graph\":[{\"@type\":\"WebPage\",\"@id\":\"https:\\\/\\\/biancabrotto.com\\\/cani\\\/\",\"url\":\"https:\\\/\\\/biancabrotto.com\\\/cani\\\/\",\"name\":\"Cani - biancabrotto.com\",\"isPartOf\":{\"@id\":\"https:\\\/\\\/biancabrotto.com\\\/#website\"},\"primaryImageOfPage\":{\"@id\":\"https:\\\/\\\/biancabrotto.com\\\/cani\\\/#primaryimage\"},\"image\":{\"@id\":\"https:\\\/\\\/biancabrotto.com\\\/cani\\\/#primaryimage\"},\"thumbnailUrl\":\"https:\\\/\\\/biancabrotto.com\\\/wp-content\\\/uploads\\\/2026\\\/04\\\/IMG_0761-scaled.jpg\",\"datePublished\":\"2026-04-21T12:52:39+00:00\",\"dateModified\":\"2026-04-21T16:57:57+00:00\",\"breadcrumb\":{\"@id\":\"https:\\\/\\\/biancabrotto.com\\\/cani\\\/#breadcrumb\"},\"inLanguage\":\"de\",\"potentialAction\":[{\"@type\":\"ReadAction\",\"target\":[\"https:\\\/\\\/biancabrotto.com\\\/cani\\\/\"]}]},{\"@type\":\"ImageObject\",\"inLanguage\":\"de\",\"@id\":\"https:\\\/\\\/biancabrotto.com\\\/cani\\\/#primaryimage\",\"url\":\"https:\\\/\\\/biancabrotto.com\\\/wp-content\\\/uploads\\\/2026\\\/04\\\/IMG_0761-scaled.jpg\",\"contentUrl\":\"https:\\\/\\\/biancabrotto.com\\\/wp-content\\\/uploads\\\/2026\\\/04\\\/IMG_0761-scaled.jpg\"},{\"@type\":\"BreadcrumbList\",\"@id\":\"https:\\\/\\\/biancabrotto.com\\\/cani\\\/#breadcrumb\",\"itemListElement\":[{\"@type\":\"ListItem\",\"position\":1,\"name\":\"Home\",\"item\":\"https:\\\/\\\/biancabrotto.com\\\/\"},{\"@type\":\"ListItem\",\"position\":2,\"name\":\"Cani\"}]},{\"@type\":\"WebSite\",\"@id\":\"https:\\\/\\\/biancabrotto.com\\\/#website\",\"url\":\"https:\\\/\\\/biancabrotto.com\\\/\",\"name\":\"Quality Holiday\",\"description\":\"biancabrotto.com\",\"publisher\":{\"@id\":\"https:\\\/\\\/biancabrotto.com\\\/#organization\"},\"potentialAction\":[{\"@type\":\"SearchAction\",\"target\":{\"@type\":\"EntryPoint\",\"urlTemplate\":\"https:\\\/\\\/biancabrotto.com\\\/?s={search_term_string}\"},\"query-input\":{\"@type\":\"PropertyValueSpecification\",\"valueRequired\":true,\"valueName\":\"search_term_string\"}}],\"inLanguage\":\"de\"},{\"@type\":\"Organization\",\"@id\":\"https:\\\/\\\/biancabrotto.com\\\/#organization\",\"name\":\"Quality Holiday\",\"url\":\"https:\\\/\\\/biancabrotto.com\\\/\",\"logo\":{\"@type\":\"ImageObject\",\"inLanguage\":\"de\",\"@id\":\"https:\\\/\\\/biancabrotto.com\\\/#\\\/schema\\\/logo\\\/image\\\/\",\"url\":\"https:\\\/\\\/biancabrotto.com\\\/wp-content\\\/uploads\\\/2026\\\/05\\\/Logo-Quality-Holiday.png\",\"contentUrl\":\"https:\\\/\\\/biancabrotto.com\\\/wp-content\\\/uploads\\\/2026\\\/05\\\/Logo-Quality-Holiday.png\",\"width\":1600,\"height\":345,\"caption\":\"Quality Holiday\"},\"image\":{\"@id\":\"https:\\\/\\\/biancabrotto.com\\\/#\\\/schema\\\/logo\\\/image\\\/\"},\"sameAs\":[\"https:\\\/\\\/www.instagram.com\\\/qualityholidayy\\\/\"]}]}<\/script>\n<!-- \/ Yoast SEO plugin. -->","yoast_head_json":{"title":"Cani - biancabrotto.com","robots":{"index":"noindex","follow":"follow","max-snippet":"max-snippet:-1","max-image-preview":"max-image-preview:large","max-video-preview":"max-video-preview:-1"},"og_locale":"de_DE","og_type":"article","og_title":"Cani - biancabrotto.com","og_description":"BENVENUTI CANI IL TUO CANE \u00e8 il BENVENUTO Tuttavia, per non arrecare disturbo agli altri ospiti, vi chiediamo di rispettare le seguenti regole 1)\u00a0Giardino: Il vostro cane potr\u00e0 correre liberamente nel vostro giardino, ma va portato fuori dalla propriet\u00e0 per i &#8220;bisogni&#8221;. 2)\u00a0Abbaiare: assicuratevi che il cane non abbai in modo persistente. 3)\u00a0Toelettatura: i cani [&hellip;]","og_url":"https:\/\/biancabrotto.com\/de\/cani\/","og_site_name":"biancabrotto.com","article_modified_time":"2026-04-21T16:57:57+00:00","og_image":[{"width":2560,"height":1920,"url":"https:\/\/biancabrotto.com\/wp-content\/uploads\/2026\/04\/IMG_0761-scaled.jpg","type":"image\/jpeg"}],"twitter_card":"summary_large_image","twitter_misc":{"Gesch\u00e4tzte Lesezeit":"2\u00a0Minuten"},"schema":{"@context":"https:\/\/schema.org","@graph":[{"@type":"WebPage","@id":"https:\/\/biancabrotto.com\/cani\/","url":"https:\/\/biancabrotto.com\/cani\/","name":"Cani - biancabrotto.com","isPartOf":{"@id":"https:\/\/biancabrotto.com\/#website"},"primaryImageOfPage":{"@id":"https:\/\/biancabrotto.com\/cani\/#primaryimage"},"image":{"@id":"https:\/\/biancabrotto.com\/cani\/#primaryimage"},"thumbnailUrl":"https:\/\/biancabrotto.com\/wp-content\/uploads\/2026\/04\/IMG_0761-scaled.jpg","datePublished":"2026-04-21T12:52:39+00:00","dateModified":"2026-04-21T16:57:57+00:00","breadcrumb":{"@id":"https:\/\/biancabrotto.com\/cani\/#breadcrumb"},"inLanguage":"de","potentialAction":[{"@type":"ReadAction","target":["https:\/\/biancabrotto.com\/cani\/"]}]},{"@type":"ImageObject","inLanguage":"de","@id":"https:\/\/biancabrotto.com\/cani\/#primaryimage","url":"https:\/\/biancabrotto.com\/wp-content\/uploads\/2026\/04\/IMG_0761-scaled.jpg","contentUrl":"https:\/\/biancabrotto.com\/wp-content\/uploads\/2026\/04\/IMG_0761-scaled.jpg"},{"@type":"BreadcrumbList","@id":"https:\/\/biancabrotto.com\/cani\/#breadcrumb","itemListElement":[{"@type":"ListItem","position":1,"name":"Home","item":"https:\/\/biancabrotto.com\/"},{"@type":"ListItem","position":2,"name":"Cani"}]},{"@type":"WebSite","@id":"https:\/\/biancabrotto.com\/#website","url":"https:\/\/biancabrotto.com\/","name":"Qualit\u00e4tsurlaub","description":"biancabrotto.com","publisher":{"@id":"https:\/\/biancabrotto.com\/#organization"},"potentialAction":[{"@type":"SearchAction","target":{"@type":"EntryPoint","urlTemplate":"https:\/\/biancabrotto.com\/?s={search_term_string}"},"query-input":{"@type":"PropertyValueSpecification","valueRequired":true,"valueName":"search_term_string"}}],"inLanguage":"de"},{"@type":"Organization","@id":"https:\/\/biancabrotto.com\/#organization","name":"Qualit\u00e4tsurlaub","url":"https:\/\/biancabrotto.com\/","logo":{"@type":"ImageObject","inLanguage":"de","@id":"https:\/\/biancabrotto.com\/#\/schema\/logo\/image\/","url":"https:\/\/biancabrotto.com\/wp-content\/uploads\/2026\/05\/Logo-Quality-Holiday.png","contentUrl":"https:\/\/biancabrotto.com\/wp-content\/uploads\/2026\/05\/Logo-Quality-Holiday.png","width":1600,"height":345,"caption":"Quality Holiday"},"image":{"@id":"https:\/\/biancabrotto.com\/#\/schema\/logo\/image\/"},"sameAs":["https:\/\/www.instagram.com\/qualityholidayy\/"]}]}},"_links":{"self":[{"href":"https:\/\/biancabrotto.com\/de\/wp-json\/wp\/v2\/pages\/760","targetHints":{"allow":["GET"]}}],"collection":[{"href":"https:\/\/biancabrotto.com\/de\/wp-json\/wp\/v2\/pages"}],"about":[{"href":"https:\/\/biancabrotto.com\/de\/wp-json\/wp\/v2\/types\/page"}],"author":[{"embeddable":true,"href":"https:\/\/biancabrotto.com\/de\/wp-json\/wp\/v2\/users\/1"}],"replies":[{"embeddable":true,"href":"https:\/\/biancabrotto.com\/de\/wp-json\/wp\/v2\/comments?post=760"}],"version-history":[{"count":25,"href":"https:\/\/biancabrotto.com\/de\/wp-json\/wp\/v2\/pages\/760\/revisions"}],"predecessor-version":[{"id":924,"href":"https:\/\/biancabrotto.com\/de\/wp-json\/wp\/v2\/pages\/760\/revisions\/924"}],"wp:attachment":[{"href":"https:\/\/biancabrotto.com\/de\/wp-json\/wp\/v2\/media?parent=760"}],"wp:term":[{"taxonomy":"folder","embeddable":true,"href":"https:\/\/biancabrotto.com\/de\/wp-json\/wp\/v2\/folder?post=760"}],"curies":[{"name":"wp","href":"https:\/\/api.w.org\/{rel}","templated":true}]}}